{"id":1624,"date":"2023-06-11T19:52:45","date_gmt":"2023-06-11T17:52:45","guid":{"rendered":"https:\/\/labakomanda.com\/?page_id=1624"},"modified":"2025-04-04T09:33:07","modified_gmt":"2025-04-04T07:33:07","slug":"logu-mazgasana-un-saules-panelu-apkope","status":"publish","type":"page","link":"https:\/\/labakomanda.com\/index.php\/logu-mazgasana-un-saules-panelu-apkope\/","title":{"rendered":"Logu mazg\u0101\u0161ana un saules pane\u013cu apkope"},"content":{"rendered":"<p>[vc_row content_style=&#8221;content_dark&#8221;][vc_column content_style=&#8221;content_dark&#8221;][vc_custom_heading source=&#8221;&#8221; text=&#8221;Visiem pat\u012bk t\u012bri logi&#8221; font_container=&#8221;tag:h2|font_size:30|text_align:left&#8221; custom_heading_font_weights=&#8221;font-600&#8243;][vc_custom_heading source=&#8221;&#8221; text=&#8221;T\u012bri logi padara m\u0101ju gai\u0161\u0101ku un sniedz t\u012br\u012bguma saj\u016btu. M\u0113s veicam da\u017eadu veidu logu t\u012br\u012b\u0161anas un mazg\u0101jam ar\u012b saules pane\u013cus. Gr\u016bti sasniedzamus \u0101r\u0113jos logus m\u0113s mazg\u0101jam ar profesion\u0101lo Unger HydroPower Ultra sist\u0113mu (ar piln\u012bb\u0101 att\u012br\u012btu, dejoniz\u0113tu \u016bdeni). Ar \u0161o sist\u0113mu nav nepiecie\u0161ams noslauc\u012bt logus p\u0113c t\u012br\u012b\u0161anas, jo att\u012br\u012btais \u016bdens neatst\u0101j uztriepes.&#8221; font_container=&#8221;tag:p|text_align:left&#8221; custom_heading_font_weights=&#8221;font-400&#8243;][\/vc_column][\/vc_row][vc_row equal_height=&#8221;yes&#8221; content_placement=&#8221;middle&#8221; content_style=&#8221;content_dark&#8221; css=&#8221;.vc_custom_1675184447805{margin-right: 0px !important;margin-left: 0px !important;padding-top: 50px !important;padding-bottom: 50px !important;}&#8221;][vc_column content_style=&#8221;content_dark&#8221; width=&#8221;1\/2&#8243; css=&#8221;.vc_custom_1675184361031{padding-top: 20px !important;padding-bottom: 20px !important;background-color: #eeeeee !important;background-position: center !important;background-repeat: no-repeat !important;background-size: cover !important;}&#8221;][vc_gallery interval=&#8221;3&#8243; images=&#8221;1633,1705,1197,1698&#8243; img_size=&#8221;medium&#8221;][\/vc_column][vc_column content_style=&#8221;content_dark&#8221; width=&#8221;1\/12&#8243; el_class=&#8221;space-small&#8221;][\/vc_column][vc_column content_style=&#8221;content_dark&#8221; width=&#8221;5\/12&#8243; css=&#8221;.vc_custom_1575803136704{padding-top: 40px !important;padding-bottom: 40px !important;}&#8221;][vc_custom_heading source=&#8221;&#8221; font_container=&#8221;tag:h3|font_size:20|text_align:left|line_height:28px&#8221; custom_heading_font_weights=&#8221;font-600&#8243; css=&#8221;.vc_custom_1686588414044{margin-bottom: 30px !important;}&#8221;][\/vc_column][\/vc_row][vc_row content_style=&#8221;content_dark&#8221;][vc_column content_style=&#8221;content_dark&#8221;][vc_custom_heading source=&#8221;&#8221; text=&#8221;M\u016bsu speci\u0101lists nov\u0113rt\u0113s darba apjomu, k\u0101 ar\u012b sagatavos l\u012bgumu ab\u0101m pus\u0113m saska\u0146\u0101 ar klienta v\u0113lm\u0113m.&#8221; font_container=&#8221;tag:p|text_align:left&#8221; custom_heading_font_weights=&#8221;font-400&#8243;][vc_empty_space][vc_column_text]<b>Cenas:<\/b><\/p>\n<p>Mazs, vienda\u013c\u012bgs logs s\u0101kot no 7,50 \u20ac<br \/>\nDivda\u013c\u012bgs logs s\u0101kot no 10,00 \u20ac<br \/>\nLiel\u0101ki logi s\u0101kot no 15,00 \u20ac<\/p>\n<p>&nbsp;<\/p>\n<p>Pied\u0101v\u0101sim individu\u0101lu atlaidi, ja logu mazg\u0101\u0161anas apjoms ir liels.<\/p>\n<p>Cena p\u0113c vieno\u0161an\u0101s, ja tiek izmantota sist\u0113ma ar att\u012britu \u016bdeni.[\/vc_column_text][\/vc_column][\/vc_row]<\/p>\n","protected":false},"excerpt":{"rendered":"<p>[vc_row content_style=&#8221;content_dark&#8221;][vc_column content_style=&#8221;content_dark&#8221;][vc_custom_heading source=&#8221;&#8221; text=&#8221;Visiem pat\u012bk t\u012bri logi&#8221; font_container=&#8221;tag:h2|font_size:30|text_align:left&#8221; custom_heading_font_weights=&#8221;font-600&#8243;][vc_custom_heading source=&#8221;&#8221; text=&#8221;T\u012bri logi padara m\u0101ju gai\u0161\u0101ku un sniedz t\u012br\u012bguma saj\u016btu. M\u0113s veicam da\u017eadu veidu logu t\u012br\u012b\u0161anas un mazg\u0101jam ar\u012b saules pane\u013cus. Gr\u016bti sasniedzamus \u0101r\u0113jos logus m\u0113s mazg\u0101jam ar profesion\u0101lo Unger HydroPower Ultra sist\u0113mu (ar piln\u012bb\u0101 att\u012br\u012btu, dejoniz\u0113tu \u016bdeni). Ar \u0161o sist\u0113mu nav nepiecie\u0161ams noslauc\u012bt logus [&hellip;]<\/p>\n","protected":false},"author":1,"featured_media":1628,"parent":0,"menu_order":0,"comment_status":"closed","ping_status":"closed","template":"","meta":{"_mi_skip_tracking":false,"_themeisle_gutenberg_block_has_review":false},"acf":[],"aioseo_notices":[],"_links":{"self":[{"href":"https:\/\/labakomanda.com\/index.php\/wp-json\/wp\/v2\/pages\/1624"}],"collection":[{"href":"https:\/\/labakomanda.com\/index.php\/wp-json\/wp\/v2\/pages"}],"about":[{"href":"https:\/\/labakomanda.com\/index.php\/wp-json\/wp\/v2\/types\/page"}],"author":[{"embeddable":true,"href":"https:\/\/labakomanda.com\/index.php\/wp-json\/wp\/v2\/users\/1"}],"replies":[{"embeddable":true,"href":"https:\/\/labakomanda.com\/index.php\/wp-json\/wp\/v2\/comments?post=1624"}],"version-history":[{"count":13,"href":"https:\/\/labakomanda.com\/index.php\/wp-json\/wp\/v2\/pages\/1624\/revisions"}],"predecessor-version":[{"id":1627,"href":"https:\/\/labakomanda.com\/index.php\/wp-json\/wp\/v2\/pages\/1624\/revisions\/1627"}],"wp:featuredmedia":[{"embeddable":true,"href":"https:\/\/labakomanda.com\/index.php\/wp-json\/wp\/v2\/media\/1628"}],"wp:attachment":[{"href":"https:\/\/labakomanda.com\/index.php\/wp-json\/wp\/v2\/media?parent=1624"}],"curies":[{"name":"wp","href":"https:\/\/api.w.org\/{rel}","templated":true}]}}